{"id":6843,"date":"2019-07-13T08:52:04","date_gmt":"2019-07-13T07:52:04","guid":{"rendered":"http:\/\/wordpresslms.thimpress.com\/element-4\/?page_id=6843"},"modified":"2021-01-13T16:33:19","modified_gmt":"2021-01-13T15:33:19","slug":"a-propos","status":"publish","type":"page","link":"https:\/\/formation-anglage.com\/en\/a-propos\/","title":{"rendered":"About"},"content":{"rendered":"<div data-elementor-type=\"wp-post\" data-elementor-id=\"6843\" class=\"elementor elementor-6843\" data-elementor-settings=\"[]\">\n\t\t\t\t\t\t<div class=\"elementor-inner\">\n\t\t\t\t\t\t\t<div class=\"elementor-section-wrap\">\n\t\t\t\t\t\t\t<section class=\"elementor-section elementor-top-section elementor-element elementor-element-f14d1b7 elementor-section-full_width elementor-section-height-default elementor-section-height-default\" data-id=\"f14d1b7\" data-element_type=\"section\">\n\t\t\t\t\t\t<div class=\"elementor-container elementor-column-gap-default\">\n\t\t\t\t\t\t\t<div class=\"elementor-row\">\n\t\t\t\t\t<div class=\"elementor-column elementor-col-100 elementor-top-column elementor-element elementor-element-6e48214\" data-id=\"6e48214\" data-element_type=\"column\">\n\t\t\t<div class=\"elementor-column-wrap elementor-element-populated\">\n\t\t\t\t\t\t\t<div class=\"elementor-widget-wrap\">\n\t\t\t\t\t\t<div class=\"elementor-element elementor-element-dd8d3a8 elementor-widget elementor-widget-thim-heading\" data-id=\"dd8d3a8\" data-element_type=\"widget\" data-widget_type=\"thim-heading.default\">\n\t\t\t\t<div class=\"elementor-widget-container\">\n\t\t\t<div\n\tclass=\"thim-sc-heading text-center layout-2\">\n\t<div class=\"heading-content\">\n\n\t\t\n\t\t<h3 class=\"primary-heading\" style=\"color: ; font-size: px; font-weight: normal; font-style: normal;\">EXPERTISE AND TRANSMISSION<\/h3>\t<\/div>\n\t\t\t<p class=\"secondary-heading\">\n\t\t\tHand Bevelling &amp; Watchmaking Movement Decoration <br> Art Craft \t\t<\/p>\n\t\t\t\t<span class=\"underline\"><\/span>\n\t<\/div>\n\t\t<\/div>\n\t\t\t\t<\/div>\n\t\t\t\t\t\t<\/div>\n\t\t\t\t\t<\/div>\n\t\t<\/div>\n\t\t\t\t\t\t\t\t<\/div>\n\t\t\t\t\t<\/div>\n\t\t<\/section>\n\t\t\t\t<section class=\"elementor-section elementor-top-section elementor-element elementor-element-748fec90 elementor-section-content-middle elementor-reverse-mobile elementor-hidden-tablet elementor-hidden-phone elementor-section-boxed elementor-section-height-default elementor-section-height-default\" data-id=\"748fec90\" data-element_type=\"section\" data-settings=\"{&quot;background_background&quot;:&quot;classic&quot;}\">\n\t\t\t\t\t\t<div class=\"elementor-container elementor-column-gap-default\">\n\t\t\t\t\t\t\t<div class=\"elementor-row\">\n\t\t\t\t\t<div class=\"elementor-column elementor-col-100 elementor-top-column elementor-element elementor-element-2c7a29a7\" data-id=\"2c7a29a7\" data-element_type=\"column\">\n\t\t\t<div class=\"elementor-column-wrap elementor-element-populated\">\n\t\t\t\t\t\t\t<div class=\"elementor-widget-wrap\">\n\t\t\t\t\t\t<div class=\"elementor-element elementor-element-79f1573f elementor-widget elementor-widget-image\" data-id=\"79f1573f\" data-element_type=\"widget\" data-widget_type=\"image.default\">\n\t\t\t\t<div class=\"elementor-widget-container\">\n\t\t\t\t\t<div class=\"elementor-image\">\n\t\t\t\t\t\t\t\t\t\t<img width=\"2024\" height=\"1155\" src=\"https:\/\/formation-anglage.com\/wp-content\/uploads\/2020\/11\/portrait-2.jpg\" class=\"attachment-full size-full\" alt=\"Nathalie Jean louis - Formation horlog\u00e8re\" loading=\"lazy\" srcset=\"https:\/\/formation-anglage.com\/wp-content\/uploads\/2020\/11\/portrait-2.jpg 2024w, https:\/\/formation-anglage.com\/wp-content\/uploads\/2020\/11\/portrait-2-300x171.jpg 300w, https:\/\/formation-anglage.com\/wp-content\/uploads\/2020\/11\/portrait-2-1024x584.jpg 1024w, https:\/\/formation-anglage.com\/wp-content\/uploads\/2020\/11\/portrait-2-768x438.jpg 768w, https:\/\/formation-anglage.com\/wp-content\/uploads\/2020\/11\/portrait-2-1536x877.jpg 1536w, https:\/\/formation-anglage.com\/wp-content\/uploads\/2020\/11\/portrait-2-600x342.jpg 600w\" sizes=\"(max-width: 2024px) 100vw, 2024px\" \/>\t\t\t\t\t\t\t\t\t\t\t<\/div>\n\t\t\t\t<\/div>\n\t\t\t\t<\/div>\n\t\t\t\t\t\t<\/div>\n\t\t\t\t\t<\/div>\n\t\t<\/div>\n\t\t\t\t\t\t\t\t<\/div>\n\t\t\t\t\t<\/div>\n\t\t<\/section>\n\t\t\t\t<section class=\"elementor-section elementor-top-section elementor-element elementor-element-7efffb2 elementor-section-content-middle elementor-reverse-mobile elementor-section-boxed elementor-section-height-default elementor-section-height-default\" data-id=\"7efffb2\" data-element_type=\"section\" data-settings=\"{&quot;background_background&quot;:&quot;classic&quot;}\">\n\t\t\t\t\t\t<div class=\"elementor-container elementor-column-gap-default\">\n\t\t\t\t\t\t\t<div class=\"elementor-row\">\n\t\t\t\t\t<div class=\"elementor-column elementor-col-100 elementor-top-column elementor-element elementor-element-41dd72b\" data-id=\"41dd72b\" data-element_type=\"column\">\n\t\t\t<div class=\"elementor-column-wrap elementor-element-populated\">\n\t\t\t\t\t\t\t<div class=\"elementor-widget-wrap\">\n\t\t\t\t\t\t<div class=\"elementor-element elementor-element-8eec016 elementor-view-default elementor-vertical-align-top elementor-widget elementor-widget-icon-box\" data-id=\"8eec016\" data-element_type=\"widget\" data-widget_type=\"icon-box.default\">\n\t\t\t\t<div class=\"elementor-widget-container\">\n\t\t\t\t\t<div class=\"elementor-icon-box-wrapper\">\n\t\t\t\t\t\t<div class=\"elementor-icon-box-icon\">\n\t\t\t\t<span class=\"elementor-icon elementor-animation-\" >\n\t\t\t\t\t\t\t\t<\/span>\n\t\t\t<\/div>\n\t\t\t\t\t\t<div class=\"elementor-icon-box-content\">\n\t\t\t\t<div class=\"elementor-icon-box-title\">\n\t\t\t\t\t<span >Nathalie Jean-Louis<\/span>\n\t\t\t\t<\/div>\n\t\t\t\t\t\t\t\t<p class=\"elementor-icon-box-description\">An artisan specialised in hand bevelling and watchmaking movement decoration since 2004, Nathalie Jean-Louis works and collaborates with Swiss fine watchmaking manufactories. Indeed, hand bevelling with a file is more than ever recognised as the ultimate finishing touch which gives life to a movement and enhances contemporary watchmaking creations.<br>Since 2017, Nathalie has passionately transmitted her know-how by giving personalised bevelling courses in order to help safeguard this watchmaking heritage.<br>By generously sharing her experience, she contributes in perpetuating this rare and precious art over time, at the highest level.<br>Her expertise has enabled her to welcome watchmakers from all over the world to her workshop located in Les Brenets, Switzerland.\nAs training in this art is already scare and due to the current pandemic situation which is making travelling more complicated or even impossible, Nathalie Jean-Louis decided to create a unique e-learning platform providing the possibility to learn and improve watchmaking movement decoration skills even from a distance.<\/p>\n\t\t\t\t\t\t\t<\/div>\n\t\t<\/div>\n\t\t\t\t<\/div>\n\t\t\t\t<\/div>\n\t\t\t\t\t\t<\/div>\n\t\t\t\t\t<\/div>\n\t\t<\/div>\n\t\t\t\t\t\t\t\t<\/div>\n\t\t\t\t\t<\/div>\n\t\t<\/section>\n\t\t\t\t\t\t<\/div>\n\t\t\t\t\t\t<\/div>\n\t\t\t\t\t<\/div>","protected":false},"excerpt":{"rendered":"<p>EXPERTISE ET TRANSMISSION M\u00e9tiers d&#8217;arts horlogers Nathalie Jean-Louis Angleuse main \u00e0 la lime depuis 2004, Nathalie Jean-Louis travaille et collabore avec les manufactures de haute horlogerie Suisse. Sublimant les cr\u00e9ations horlog\u00e8res contemporaines, l&#8217;anglage main \u00e0 la lime est plus que jamais l&#8217;ultime finition donnant vie au mouvement. Depuis 2017, elle transmet avec passion son savoir-faire&#8230;<\/p>","protected":false},"author":1,"featured_media":0,"parent":0,"menu_order":0,"comment_status":"closed","ping_status":"closed","template":"","meta":{"_bbp_topic_count":0,"_bbp_reply_count":0,"_bbp_total_topic_count":0,"_bbp_total_reply_count":0,"_bbp_voice_count":0,"_bbp_anonymous_reply_count":0,"_bbp_topic_count_hidden":0,"_bbp_reply_count_hidden":0,"_bbp_forum_subforum_count":0,"pmpro_default_level":0},"acf":[],"_links":{"self":[{"href":"https:\/\/formation-anglage.com\/en\/wp-json\/wp\/v2\/pages\/6843"}],"collection":[{"href":"https:\/\/formation-anglage.com\/en\/wp-json\/wp\/v2\/pages"}],"about":[{"href":"https:\/\/formation-anglage.com\/en\/wp-json\/wp\/v2\/types\/page"}],"author":[{"embeddable":true,"href":"https:\/\/formation-anglage.com\/en\/wp-json\/wp\/v2\/users\/1"}],"replies":[{"embeddable":true,"href":"https:\/\/formation-anglage.com\/en\/wp-json\/wp\/v2\/comments?post=6843"}],"version-history":[{"count":48,"href":"https:\/\/formation-anglage.com\/en\/wp-json\/wp\/v2\/pages\/6843\/revisions"}],"predecessor-version":[{"id":8949,"href":"https:\/\/formation-anglage.com\/en\/wp-json\/wp\/v2\/pages\/6843\/revisions\/8949"}],"wp:attachment":[{"href":"https:\/\/formation-anglage.com\/en\/wp-json\/wp\/v2\/media?parent=6843"}],"curies":[{"name":"wp","href":"https:\/\/api.w.org\/{rel}","templated":true}]}}