{"id":8042,"date":"2020-09-15T16:58:45","date_gmt":"2020-09-15T15:58:45","guid":{"rendered":"https:\/\/formation-anglage.com\/?page_id=8042"},"modified":"2021-01-07T20:55:44","modified_gmt":"2021-01-07T19:55:44","slug":"cgv","status":"publish","type":"page","link":"https:\/\/formation-anglage.com\/en\/cgv\/","title":{"rendered":"Terms of Sales"},"content":{"rendered":"<p class=\"has-text-align-center has-large-font-size\"><strong>Terms of Sales<\/strong><\/p>\n\n\n\n<ol><li>Soci\u00e9t\u00e9<br>Nathalie Jean-Louis \u2013 Rue du Lac 26, 2416 Les Brenets<\/li><li>G\u00e9n\u00e9ralit\u00e9s<br>Les conditions g\u00e9n\u00e9rales de vente s\u2019appliquent pour tout achat proc\u00e9dant d\u2019une commande portant sur des services en lien avec des formations en ligne effectu\u00e9es sur le site . Les offres et services en ligne ne sont valables que quand elles sont visibles et dans la limite des places disponibles.<br>Nathalie Jean-Louis propri\u00e9taire du site d\u00e9cline toute responsabilit\u00e9 sur des \u00e9ventuelles erreurs ou omissions li\u00e9es aux images, illustrations ou notices. Les commandes pass\u00e9es \u00e0 la soci\u00e9t\u00e9 Nathalie Jean-Louis au travers de son site sont soumises aux conditions de vente g\u00e9n\u00e9rales de celle-ci.<\/li><li>Commandes<br>Les commandes effectu\u00e9es sur le\u00a0 pr\u00e9sent site sont exprim\u00e9es uniquement en francs suisses (inclus TVA si vente de formations en suisse ). Nathalie Jean-Louis se r\u00e9serve\u00a0 le droit de modifier ses prix \u00e0 tout moment mais les prix factur\u00e9s au client pour les services de formation en ligne sont ceux en vigueur \u00e0 la date de la commande et qui figurent sur la confirmation de commande ou facture.<br>Les prix publi\u00e9s en ligne constituent une offre. Celle-ci est cependant toujours subordonn\u00e9e \u00e0 la condition (r\u00e9solutoire) que la livraison du service, soit la r\u00e9alisation de la formation en ligne concern\u00e9e soit possible ou que le prix indiqu\u00e9 soit exempt d\u2019erreur.<br>Le contrat est conclu d\u00e8s que le client passe sa commande en ligne. La r\u00e9ception de la commande est confirm\u00e9e au client par un mail et envoy\u00e9 \u00e0 l\u2019adresse fournie par celui-ci. Le mail de confirmation de la commande ne constitue pas une garantie de disponibilit\u00e9. Il indique uniquement au client que Nathalie Jean-Louis a bien re\u00e7u sa commande et que le contrat est conclu, sous r\u00e9serve que la livraison service soit possible.<br>Une commande ne devient d\u00e9finitive qu\u2019apr\u00e8s son acceptation d\u00e9finitive par Nathalie Jean-Louis.\u00a0<br>La r\u00e9alisation du service de formation parNathalie Jean-Louis implique pour le client son adh\u00e9sion aux pr\u00e9sentes conditions g\u00e9n\u00e9rales de vente dans leur int\u00e9gralit\u00e9, \u00e0 l\u2019exclusion de tous autres termes ou conditions. Les conditions r\u00e9gissant la vente directement aupr\u00e8s de Nathalie Jean-Louis ne sont pas applicables aux commandes effectu\u00e9es sur le Site. Par ailleurs nous nous r\u00e9servons le droit de refuser la commande d\u2019un client.\u00a0<\/li><li>Paiements<br>Le prix factur\u00e9 est le prix indiqu\u00e9 sur la confirmation de commande adress\u00e9e au client. Sauf stipulation particuli\u00e8re, tous les produits et services sont payables au moyen des\u00a0 EuroCard\/MasterCard, Visa,Postcard, Postfinance.<\/li><li>Droit applicable<br>Le pr\u00e9sent contrat est soumis \u00e0 la loi Suisse<\/li><li>Contact<br>Vous avez des questions ? Veuillez contacter Nathalie Jean-Louis , selon les coordonn\u00e9es ci-avant mentionn\u00e9es.<\/li><\/ol>","protected":false},"excerpt":{"rendered":"<p>Conditions g\u00e9n\u00e9rales de vente Soci\u00e9t\u00e9Nathalie Jean-Louis \u2013 Rue du Lac 26, 2416 Les Brenets G\u00e9n\u00e9ralit\u00e9sLes conditions g\u00e9n\u00e9rales de vente s\u2019appliquent pour tout achat proc\u00e9dant d\u2019une commande portant sur des services en lien avec des formations en ligne effectu\u00e9es sur le site . Les offres et services en ligne ne sont valables que quand elles sont&#8230;<\/p>","protected":false},"author":1,"featured_media":0,"parent":0,"menu_order":0,"comment_status":"closed","ping_status":"closed","template":"","meta":{"_bbp_topic_count":0,"_bbp_reply_count":0,"_bbp_total_topic_count":0,"_bbp_total_reply_count":0,"_bbp_voice_count":0,"_bbp_anonymous_reply_count":0,"_bbp_topic_count_hidden":0,"_bbp_reply_count_hidden":0,"_bbp_forum_subforum_count":0,"pmpro_default_level":0},"acf":[],"_links":{"self":[{"href":"https:\/\/formation-anglage.com\/en\/wp-json\/wp\/v2\/pages\/8042"}],"collection":[{"href":"https:\/\/formation-anglage.com\/en\/wp-json\/wp\/v2\/pages"}],"about":[{"href":"https:\/\/formation-anglage.com\/en\/wp-json\/wp\/v2\/types\/page"}],"author":[{"embeddable":true,"href":"https:\/\/formation-anglage.com\/en\/wp-json\/wp\/v2\/users\/1"}],"replies":[{"embeddable":true,"href":"https:\/\/formation-anglage.com\/en\/wp-json\/wp\/v2\/comments?post=8042"}],"version-history":[{"count":3,"href":"https:\/\/formation-anglage.com\/en\/wp-json\/wp\/v2\/pages\/8042\/revisions"}],"predecessor-version":[{"id":9013,"href":"https:\/\/formation-anglage.com\/en\/wp-json\/wp\/v2\/pages\/8042\/revisions\/9013"}],"wp:attachment":[{"href":"https:\/\/formation-anglage.com\/en\/wp-json\/wp\/v2\/media?parent=8042"}],"curies":[{"name":"wp","href":"https:\/\/api.w.org\/{rel}","templated":true}]}}