{"id":8049,"date":"2020-09-15T17:11:57","date_gmt":"2020-09-15T16:11:57","guid":{"rendered":"https:\/\/formation-anglage.com\/?page_id=8049"},"modified":"2020-10-07T12:59:46","modified_gmt":"2020-10-07T11:59:46","slug":"notices-legales","status":"publish","type":"page","link":"https:\/\/formation-anglage.com\/en\/notices-legales\/","title":{"rendered":"Legal Notice"},"content":{"rendered":"<p class=\"has-text-align-center has-large-font-size\"><strong>Legal Notice<\/strong><\/p>\n\n\n\n<p>Nathalie Jean-Louis \/ Formation Anglage<\/p>\n\n\n\n<p>Contact<br>079 794 75 63<br>E-mailinfo@formation-anglage.com<br>Registre du commerce: CHE-491.301.609<\/p>\n\n\n\n<pre class=\"wp-block-code\"><code>Si\u00e8ge social: rue du Lac 26, 2416 Les Brenets<\/code><\/pre>\n\n\n\n<p>Responsable de l\u2019ensemble du site internet: Nathalie Jean-Louis<\/p>\n\n\n\n<p>Propri\u00e9t\u00e9 intellectuelle et autres droits<\/p>\n\n\n\n<p>Nathalie Jean-Louis est propri\u00e9taire et exploitante de ce portail. L\u2019ensemble des noms, titres, logos, images, graphismes, textes et autres \u00e9l\u00e9ments y figurant sont la propri\u00e9t\u00e9 de Nathalie Jean-Louis . Aucun droit (droit d\u2019utilisation, de propri\u00e9t\u00e9 intellectuelle, etc.) ne d\u00e9coule de la consultation, du t\u00e9l\u00e9chargement ou de la copie de pages du site. La reproduction totale ou partielle, la transmission (\u00e9lectronique ou par d\u2019autres moyens), la modification, l\u2019utilisation du portail, ou l\u2019ajout de liens sur ou vers ce dernier \u00e0 des fins publiques ou commerciales sont interdits sans autorisation \u00e9crite pr\u00e9alable.<\/p>","protected":false},"excerpt":{"rendered":"<p>Mentions l\u00e9gales Nathalie Jean-Louis \/ Formation Anglage Contact079 794 75 63E-mailinfo@formation-anglage.comRegistre du commerce: CHE-491.301.609 Responsable de l\u2019ensemble du site internet: Nathalie Jean-Louis Propri\u00e9t\u00e9 intellectuelle et autres droits Nathalie Jean-Louis est propri\u00e9taire et exploitante de ce portail. L\u2019ensemble des noms, titres, logos, images, graphismes, textes et autres \u00e9l\u00e9ments y figurant sont la propri\u00e9t\u00e9 de Nathalie Jean-Louis&#8230;<\/p>","protected":false},"author":1,"featured_media":0,"parent":0,"menu_order":0,"comment_status":"closed","ping_status":"closed","template":"","meta":{"_bbp_topic_count":0,"_bbp_reply_count":0,"_bbp_total_topic_count":0,"_bbp_total_reply_count":0,"_bbp_voice_count":0,"_bbp_anonymous_reply_count":0,"_bbp_topic_count_hidden":0,"_bbp_reply_count_hidden":0,"_bbp_forum_subforum_count":0,"pmpro_default_level":0},"acf":[],"_links":{"self":[{"href":"https:\/\/formation-anglage.com\/en\/wp-json\/wp\/v2\/pages\/8049"}],"collection":[{"href":"https:\/\/formation-anglage.com\/en\/wp-json\/wp\/v2\/pages"}],"about":[{"href":"https:\/\/formation-anglage.com\/en\/wp-json\/wp\/v2\/types\/page"}],"author":[{"embeddable":true,"href":"https:\/\/formation-anglage.com\/en\/wp-json\/wp\/v2\/users\/1"}],"replies":[{"embeddable":true,"href":"https:\/\/formation-anglage.com\/en\/wp-json\/wp\/v2\/comments?post=8049"}],"version-history":[{"count":3,"href":"https:\/\/formation-anglage.com\/en\/wp-json\/wp\/v2\/pages\/8049\/revisions"}],"predecessor-version":[{"id":8244,"href":"https:\/\/formation-anglage.com\/en\/wp-json\/wp\/v2\/pages\/8049\/revisions\/8244"}],"wp:attachment":[{"href":"https:\/\/formation-anglage.com\/en\/wp-json\/wp\/v2\/media?parent=8049"}],"curies":[{"name":"wp","href":"https:\/\/api.w.org\/{rel}","templated":true}]}}