{"id":8080,"date":"2020-09-16T10:45:52","date_gmt":"2020-09-16T09:45:52","guid":{"rendered":"https:\/\/formation-anglage.com\/?page_id=8080"},"modified":"2020-09-16T10:47:55","modified_gmt":"2020-09-16T09:47:55","slug":"instructeur","status":"publish","type":"page","link":"https:\/\/formation-anglage.com\/en\/instructeur\/","title":{"rendered":"Instructeur"},"content":{"rendered":"<h3>EXPERTISE AND TRANSMISSION<\/h3>\n\n\n\n<p>M\u00e9tiers d&#8217;arts horlogersNathalie Jean-Louis<\/p>\n\n\n\n<p>Angleuse main \u00e0 la lime depuis 2004, Nathalie Jean-Louis travaille et collabore avec les manufactures de haute horlogerie Suisse. Sublimant les cr\u00e9ations horlog\u00e8res contemporaines, l&#8217;anglage main \u00e0 la lime est plus que jamais l&#8217;ultime finition donnant vie au mouvement. Depuis 2017, elle transmet avec passion son savoir-faire en dispensant des cours d&#8217;anglage personnalis\u00e9s de fa\u00e7on \u00e0 contribuer \u00e0 l&#8217;\u00e9lan de sauvegarde du patrimoine horloger.<br>Elle partage g\u00e9n\u00e9reusement son exp\u00e9rience dans le but que ce m\u00e9tier d&#8217;art rare et pr\u00e9cieux se perp\u00e9tue dans le temps au plus haut niveau.<br>Son expertise lui vaut d&#8217;accueillir des horlogers venant de l&#8217;international au sein de son atelier install\u00e9s aux Brenets en Suisse.<br>Pour pallier au manque de formation dans le domaine et \u00e0 la probl\u00e9matique sanitaire actuelle qui rend les d\u00e9placements compliqu\u00e9s voir impossible, Nathalie Jean-Louis offre la possibilit\u00e9 \u00e0 tous d&#8217;apprendre et se perfectionner \u00e0 distance.<\/p>\n\n\n\n<figure class=\"wp-block-image\"><img src=\"https:\/\/formation-anglage.com\/wp-content\/uploads\/2020\/06\/nathalie-jean-louis-1122544208-1024x563.jpg\" alt=\"\"\/><\/figure>","protected":false},"excerpt":{"rendered":"<p>EXPERTISE ET TRANSMISSION M\u00e9tiers d&#8217;arts horlogersNathalie Jean-Louis Angleuse main \u00e0 la lime depuis 2004, Nathalie Jean-Louis travaille et collabore avec les manufactures de haute horlogerie Suisse. Sublimant les cr\u00e9ations horlog\u00e8res contemporaines, l&#8217;anglage main \u00e0 la lime est plus que jamais l&#8217;ultime finition donnant vie au mouvement. Depuis 2017, elle transmet avec passion son savoir-faire en&#8230;<\/p>","protected":false},"author":1,"featured_media":0,"parent":0,"menu_order":0,"comment_status":"closed","ping_status":"closed","template":"","meta":{"_bbp_topic_count":0,"_bbp_reply_count":0,"_bbp_total_topic_count":0,"_bbp_total_reply_count":0,"_bbp_voice_count":0,"_bbp_anonymous_reply_count":0,"_bbp_topic_count_hidden":0,"_bbp_reply_count_hidden":0,"_bbp_forum_subforum_count":0,"pmpro_default_level":0},"acf":[],"_links":{"self":[{"href":"https:\/\/formation-anglage.com\/en\/wp-json\/wp\/v2\/pages\/8080"}],"collection":[{"href":"https:\/\/formation-anglage.com\/en\/wp-json\/wp\/v2\/pages"}],"about":[{"href":"https:\/\/formation-anglage.com\/en\/wp-json\/wp\/v2\/types\/page"}],"author":[{"embeddable":true,"href":"https:\/\/formation-anglage.com\/en\/wp-json\/wp\/v2\/users\/1"}],"replies":[{"embeddable":true,"href":"https:\/\/formation-anglage.com\/en\/wp-json\/wp\/v2\/comments?post=8080"}],"version-history":[{"count":1,"href":"https:\/\/formation-anglage.com\/en\/wp-json\/wp\/v2\/pages\/8080\/revisions"}],"predecessor-version":[{"id":8081,"href":"https:\/\/formation-anglage.com\/en\/wp-json\/wp\/v2\/pages\/8080\/revisions\/8081"}],"wp:attachment":[{"href":"https:\/\/formation-anglage.com\/en\/wp-json\/wp\/v2\/media?parent=8080"}],"curies":[{"name":"wp","href":"https:\/\/api.w.org\/{rel}","templated":true}]}}